{"id":17,"date":"2021-03-02T15:41:58","date_gmt":"2021-03-02T18:41:58","guid":{"rendered":"http:\/\/grupo5engenharia.com.br\/?page_id=17"},"modified":"2021-12-21T16:12:39","modified_gmt":"2021-12-21T19:12:39","slug":"empresa","status":"publish","type":"page","link":"https:\/\/grupo5engenharia.com.br\/?page_id=17","title":{"rendered":"Empresa"},"content":{"rendered":"<p>[et_pb_section fb_built=&#8221;1&#8243; fullwidth=&#8221;on&#8221; _builder_version=&#8221;4.9.0&#8243; _module_preset=&#8221;default&#8221;][et_pb_fullwidth_slider show_pagination=&#8221;off&#8221; _builder_version=&#8221;4.9.0&#8243; _module_preset=&#8221;default&#8221; animation_style=&#8221;fade&#8221; auto=&#8221;on&#8221; auto_speed=&#8221;5000&#8243;][et_pb_slide _builder_version=&#8221;4.9.0&#8243; _module_preset=&#8221;default&#8221; background_enable_color=&#8221;off&#8221; background_image=&#8221;http:\/\/grupo5engenharia.com.br\/wp-content\/uploads\/2021\/03\/WhatsApp-Image-2021-03-04-at-8.16.02-AM.jpeg&#8221; background_enable_image=&#8221;on&#8221; sticky_transition=&#8221;on&#8221;][\/et_pb_slide][et_pb_slide _builder_version=&#8221;4.9.0&#8243; _module_preset=&#8221;default&#8221; background_enable_color=&#8221;off&#8221; background_image=&#8221;http:\/\/grupo5engenharia.com.br\/wp-content\/uploads\/2021\/03\/WhatsApp-Image-2021-03-04-at-8.16.03-AM-3.jpeg&#8221; background_enable_image=&#8221;on&#8221; sticky_transition=&#8221;on&#8221;][\/et_pb_slide][et_pb_slide _builder_version=&#8221;4.9.0&#8243; _module_preset=&#8221;default&#8221; background_enable_color=&#8221;off&#8221; background_image=&#8221;http:\/\/grupo5engenharia.com.br\/wp-content\/uploads\/2021\/03\/WhatsApp-Image-2021-03-04-at-8.16.02-AM-1.jpeg&#8221; background_enable_image=&#8221;on&#8221; sticky_transition=&#8221;on&#8221;]<\/p>\n<p>.<\/p>\n<p>[\/et_pb_slide][et_pb_slide _builder_version=&#8221;4.9.0&#8243; _module_preset=&#8221;default&#8221; background_enable_color=&#8221;off&#8221; background_image=&#8221;http:\/\/grupo5engenharia.com.br\/wp-content\/uploads\/2021\/03\/WhatsApp-Image-2021-03-04-at-8.16.04-AM-2.jpeg&#8221; background_enable_image=&#8221;on&#8221; sticky_transition=&#8221;on&#8221;][\/et_pb_slide][et_pb_slide _builder_version=&#8221;4.9.0&#8243; _module_preset=&#8221;default&#8221; background_enable_color=&#8221;off&#8221; background_image=&#8221;http:\/\/grupo5engenharia.com.br\/wp-content\/uploads\/2021\/03\/WhatsApp-Image-2021-03-04-at-8.16.03-AM.jpeg&#8221; background_enable_image=&#8221;on&#8221; sticky_transition=&#8221;on&#8221;][\/et_pb_slide][\/et_pb_fullwidth_slider][\/et_pb_section][et_pb_section fb_built=&#8221;1&#8243; _builder_version=&#8221;4.9.0&#8243; _module_preset=&#8221;default&#8221;][et_pb_row _builder_version=&#8221;4.9.0&#8243; _module_preset=&#8221;default&#8221;][et_pb_column type=&#8221;4_4&#8243; _builder_version=&#8221;4.9.0&#8243; _module_preset=&#8221;default&#8221;][et_pb_text _builder_version=&#8221;4.9.0&#8243; _module_preset=&#8221;default&#8221; text_font=&#8221;Abhaya Libre||||||||&#8221; background_color=&#8221;#E02B20&#8243; text_orientation=&#8221;center&#8221; background_layout=&#8221;dark&#8221; width=&#8221;36%&#8221; custom_margin=&#8221;||||false|false&#8221; custom_padding=&#8221;8px||||false|false&#8221;]<\/p>\n<h1 style=\"text-align: center;\"><strong>Empresa<\/strong><\/h1>\n<p>[\/et_pb_text][\/et_pb_column][\/et_pb_row][et_pb_row column_structure=&#8221;1_2,1_2&#8243; _builder_version=&#8221;4.9.0&#8243; _module_preset=&#8221;default&#8221;][et_pb_column type=&#8221;1_2&#8243; _builder_version=&#8221;4.9.0&#8243; _module_preset=&#8221;default&#8221;][et_pb_text _builder_version=&#8221;4.9.0&#8243; _module_preset=&#8221;default&#8221; text_text_color=&#8221;#000000&#8243; text_font_size=&#8221;15px&#8221;]<\/p>\n<p style=\"text-align: justify;\"><span>A empresa Grupo 5 \u00e9 especializa\u00e7\u00e3o na presta\u00e7\u00e3o de servi\u00e7os de engenharia e urbanismo. formada por corpo t\u00e9cnico muito experiente e que desenvolve atividades com excel\u00eancia padr\u00e3o de qualidade, cumprindo prazos e entregando resultados.<\/span><\/p>\n<p style=\"text-align: justify;\"><span>Cuidamos de cada etapa de cada projeto at\u00e9 a entrega final &#8211; coordenamos todas as atividades, desde a aprova\u00e7\u00e3o de projetos, execu\u00e7\u00e3o civil, el\u00e9trica, estruturas met\u00e1licas, mobili\u00e1rio especial, estruturas pr\u00e9-fabricadas e mista, viabilizando a execu\u00e7\u00e3o da obra sem interrup\u00e7\u00e3o, assegurando qualidade e seguran\u00e7a. Assumimos a gest\u00e3o e condu\u00e7\u00e3o de todas as tarefas. Coordenamos a escolha dos melhores fornecedores e materiais dentro das especifica\u00e7\u00f5es, garantindo os prazos pr\u00e9-estabelecidos. Possu\u00edmos parcerias com empresas de pr\u00e9-fabricados de tradi\u00e7\u00e3o e experi\u00eancia no mercado.<\/span><\/p>\n<p style=\"text-align: justify;\"><span>Nossa miss\u00e3o \u00e9 oferecer plena satisfa\u00e7\u00e3o aos clientes; materializar seus sonhos e realiza\u00e7\u00f5es , bem como superar suas expectativas.<\/span><\/p>\n<p>[\/et_pb_text][\/et_pb_column][et_pb_column type=&#8221;1_2&#8243; _builder_version=&#8221;4.9.0&#8243; _module_preset=&#8221;default&#8221;][et_pb_map zoom_level=&#8221;20&#8243; address_lat=&#8221;-16.6672124&#8243; address_lng=&#8221;-48.6129322&#8243; _builder_version=&#8221;4.9.0&#8243; _module_preset=&#8221;default&#8221; width=&#8221;100%&#8221; min_height=&#8221;100px&#8221; height=&#8221;375px&#8221; hover_enabled=&#8221;0&#8243; address=&#8221;Av. Dom B\u00f4sco, 938 &#8211; Das Pedrinhas, Silv\u00e2nia &#8211; GO, 75180-000, Brasil&#8221; sticky_enabled=&#8221;0&#8243;][et_pb_map_pin _builder_version=&#8221;4.9.0&#8243; _module_preset=&#8221;default&#8221; pin_address=&#8221;Av. Dom B\u00f4sco, 938 &#8211; Das Pedrinhas, Silv\u00e2nia &#8211; GO, 75180-000, Brasil&#8221; pin_address_lat=&#8221;-16.6672124&#8243; pin_address_lng=&#8221;-48.6129322&#8243; hover_enabled=&#8221;0&#8243; sticky_enabled=&#8221;0&#8243;][\/et_pb_map_pin][\/et_pb_map][\/et_pb_column][\/et_pb_row][et_pb_row column_structure=&#8221;1_2,1_2&#8243; _builder_version=&#8221;4.9.0&#8243; _module_preset=&#8221;default&#8221;][et_pb_column type=&#8221;1_2&#8243; _builder_version=&#8221;4.9.0&#8243; _module_preset=&#8221;default&#8221;][et_pb_image src=&#8221;http:\/\/grupo5engenharia.com.br\/wp-content\/uploads\/2021\/03\/Grupo-5.jpg&#8221; title_text=&#8221;Grupo 5&#8243; _builder_version=&#8221;4.9.0&#8243; _module_preset=&#8221;default&#8221; width=&#8221;76%&#8221; min_height=&#8221;100px&#8221; height=&#8221;402px&#8221; custom_margin=&#8221;|||56px|false|false&#8221;][\/et_pb_image][\/et_pb_column][et_pb_column type=&#8221;1_2&#8243; _builder_version=&#8221;4.9.0&#8243; _module_preset=&#8221;default&#8221;][et_pb_text _builder_version=&#8221;4.9.0&#8243; _module_preset=&#8221;default&#8221; text_text_color=&#8221;#000000&#8243; text_font_size=&#8221;15px&#8221;]<\/p>\n<p style=\"text-align: justify;\"><span>A empresa Grupo 5 tem o compromisso de elaborar e desenvolver projetos e\u00a0<\/span><span>constru\u00e7\u00f5es de obras p\u00fablicas e privadas diferenciadas, levando qualidade de vida\u00a0<\/span><span>e satisfa\u00e7\u00e3o aos seus clientes. Elabora os projetos de acordo com as normas t\u00e9cnicas\u00a0<\/span><span>vigentes e as boas pr\u00e1ticas de mercado, com conhecimento t\u00e9cnico e\u00a0<\/span><span>planejamento, em busca cont\u00ednua por solu\u00e7\u00f5es construtivas, eficientes e\u00a0<\/span><span>inovadoras. Atuante na constru\u00e7\u00e3o civil h\u00e1 10 anos, realiza obras p\u00fablicas,\u00a0<\/span><span>residenciais, comerciais, de reformas e revitaliza\u00e7\u00e3o, al\u00e9m do gerenciamento,\u00a0<\/span><span>fiscaliza\u00e7\u00e3o, assessoria e supervis\u00e3o de obra.<\/span><\/p>\n<p>[\/et_pb_text][\/et_pb_column][\/et_pb_row][et_pb_row column_structure=&#8221;1_2,1_2&#8243; _builder_version=&#8221;4.9.0&#8243; _module_preset=&#8221;default&#8221;][et_pb_column type=&#8221;1_2&#8243; _builder_version=&#8221;4.9.0&#8243; _module_preset=&#8221;default&#8221;][et_pb_text _builder_version=&#8221;4.9.0&#8243; _module_preset=&#8221;default&#8221; text_font=&#8221;Abhaya Libre||||||||&#8221; background_color=&#8221;#E02B20&#8243; text_orientation=&#8221;center&#8221; background_layout=&#8221;dark&#8221; width=&#8221;30%&#8221;]<\/p>\n<h1><strong>Miss\u00e3o<\/strong><\/h1>\n<p>[\/et_pb_text][et_pb_text _builder_version=&#8221;4.9.0&#8243; _module_preset=&#8221;default&#8221; text_text_color=&#8221;#000000&#8243; text_font_size=&#8221;15px&#8221;]<\/p>\n<p style=\"text-align: justify;\">Desenvolver e executar servi\u00e7os de engenharia, voltados para constru\u00e7\u00e3o<br \/> civil, com elevado padr\u00e3o de qualidade, que superem as expectativas do cliente e, pautados no compromisso com a excel\u00eancia.<\/p>\n<p>[\/et_pb_text][\/et_pb_column][et_pb_column type=&#8221;1_2&#8243; _builder_version=&#8221;4.9.0&#8243; _module_preset=&#8221;default&#8221;][et_pb_text _builder_version=&#8221;4.9.0&#8243; _module_preset=&#8221;default&#8221; text_font=&#8221;Abhaya Libre||||||||&#8221; background_color=&#8221;#E02B20&#8243; text_orientation=&#8221;center&#8221; background_layout=&#8221;dark&#8221; width=&#8221;27%&#8221;]<\/p>\n<h1><strong>Vis\u00e3o<\/strong><\/h1>\n<p>[\/et_pb_text][et_pb_text _builder_version=&#8221;4.9.0&#8243; _module_preset=&#8221;default&#8221; text_text_color=&#8221;#000000&#8243; text_font_size=&#8221;15px&#8221;]<\/p>\n<p style=\"text-align: justify;\">Ser uma empresa preparada, competitiva e de refer\u00eancia no mercado de<br \/> projeto e execu\u00e7\u00e3o de obras , atuando com efici\u00eancia, efic\u00e1cia e efetividade, tendo como foco a satisfa\u00e7\u00e3o de nossos clientes.<\/p>\n<p>[\/et_pb_text][\/et_pb_column][\/et_pb_row][et_pb_row column_structure=&#8221;1_2,1_2&#8243; _builder_version=&#8221;4.9.0&#8243; _module_preset=&#8221;default&#8221;][et_pb_column type=&#8221;1_2&#8243; _builder_version=&#8221;4.9.0&#8243; _module_preset=&#8221;default&#8221;][et_pb_text _builder_version=&#8221;4.9.0&#8243; _module_preset=&#8221;default&#8221; text_font=&#8221;Abhaya Libre||||||||&#8221; background_color=&#8221;#E02B20&#8243; text_orientation=&#8221;center&#8221; background_layout=&#8221;dark&#8221; width=&#8221;34%&#8221;]<\/p>\n<h1><strong>Pioneira<\/strong><\/h1>\n<p>[\/et_pb_text][et_pb_text _builder_version=&#8221;4.9.0&#8243; _module_preset=&#8221;default&#8221; text_text_color=&#8221;#000000&#8243; text_font_size=&#8221;15px&#8221;]<\/p>\n<p style=\"text-align: justify;\">no segmento na regi\u00e3o, a Construtora Grupo 5 Engenharia atua no ramo de projetos e execu\u00e7\u00e3o de constru\u00e7\u00e3o civil h\u00e1 10 anos. Com mais de 280.000 m2 entre constru\u00e7\u00e3o e projetos em seu portf\u00f3lio, a empresa \u00e9 l\u00edder em seu segmento e \u00e9 reconhecida pela alta qualidade de suas obras e constante inova\u00e7\u00e3o.<\/p>\n<p>[\/et_pb_text][\/et_pb_column][et_pb_column type=&#8221;1_2&#8243; _builder_version=&#8221;4.9.0&#8243; _module_preset=&#8221;default&#8221;][et_pb_text _builder_version=&#8221;4.9.0&#8243; _module_preset=&#8221;default&#8221; text_font=&#8221;Abhaya Libre||||||||&#8221; background_color=&#8221;#E02B20&#8243; text_orientation=&#8221;center&#8221; background_layout=&#8221;dark&#8221; width=&#8221;31%&#8221;]<\/p>\n<h1><strong>Valores<\/strong><\/h1>\n<p>[\/et_pb_text][et_pb_text _builder_version=&#8221;4.9.0&#8243; _module_preset=&#8221;default&#8221; text_text_color=&#8221;#000000&#8243; text_font_size=&#8221;15px&#8221;]<\/p>\n<p style=\"text-align: justify;\">S\u00e3o baseados na melhoria cont\u00ednua de nossos servi\u00e7os, no dinamismo, na flexibilidade e na qualidade de nosso trabalho, tendo o compromisso\u00a0com a excel\u00eancia para a constru\u00e7\u00e3o e relacionamentos duradouros.<\/p>\n<p>[\/et_pb_text][\/et_pb_column][\/et_pb_row][\/et_pb_section]<\/p>\n","protected":false},"excerpt":{"rendered":"<p>[et_pb_section fb_built=&#8221;1&#8243; fullwidth=&#8221;on&#8221; _builder_version=&#8221;4.9.0&#8243; _module_preset=&#8221;default&#8221;][et_pb_fullwidth_slider show_pagination=&#8221;off&#8221; _builder_version=&#8221;4.9.0&#8243; _module_preset=&#8221;default&#8221; animation_style=&#8221;fade&#8221; auto=&#8221;on&#8221; auto_speed=&#8221;5000&#8243;][et_pb_slide _builder_version=&#8221;4.9.0&#8243; _module_preset=&#8221;default&#8221; background_enable_color=&#8221;off&#8221; background_image=&#8221;http:\/\/grupo5engenharia.com.br\/wp-content\/uploads\/2021\/03\/WhatsApp-Image-2021-03-04-at-8.16.02-AM.jpeg&#8221; background_enable_image=&#8221;on&#8221; sticky_transition=&#8221;on&#8221;][\/et_pb_slide][et_pb_slide _builder_version=&#8221;4.9.0&#8243; _module_preset=&#8221;default&#8221; background_enable_color=&#8221;off&#8221; background_image=&#8221;http:\/\/grupo5engenharia.com.br\/wp-content\/uploads\/2021\/03\/WhatsApp-Image-2021-03-04-at-8.16.03-AM-3.jpeg&#8221; background_enable_image=&#8221;on&#8221; sticky_transition=&#8221;on&#8221;][\/et_pb_slide][et_pb_slide _builder_version=&#8221;4.9.0&#8243; _module_preset=&#8221;default&#8221; background_enable_color=&#8221;off&#8221; background_image=&#8221;http:\/\/grupo5engenharia.com.br\/wp-content\/uploads\/2021\/03\/WhatsApp-Image-2021-03-04-at-8.16.02-AM-1.jpeg&#8221; background_enable_image=&#8221;on&#8221; sticky_transition=&#8221;on&#8221;] . [\/et_pb_slide][et_pb_slide _builder_version=&#8221;4.9.0&#8243; _module_preset=&#8221;default&#8221; background_enable_color=&#8221;off&#8221; background_image=&#8221;http:\/\/grupo5engenharia.com.br\/wp-content\/uploads\/2021\/03\/WhatsApp-Image-2021-03-04-at-8.16.04-AM-2.jpeg&#8221; background_enable_image=&#8221;on&#8221; sticky_transition=&#8221;on&#8221;][\/et_pb_slide][et_pb_slide _builder_version=&#8221;4.9.0&#8243; _module_preset=&#8221;default&#8221; background_enable_color=&#8221;off&#8221; background_image=&#8221;http:\/\/grupo5engenharia.com.br\/wp-content\/uploads\/2021\/03\/WhatsApp-Image-2021-03-04-at-8.16.03-AM.jpeg&#8221; background_enable_image=&#8221;on&#8221; sticky_transition=&#8221;on&#8221;][\/et_pb_slide][\/et_pb_fullwidth_slider][\/et_pb_section][et_pb_section fb_built=&#8221;1&#8243; _builder_version=&#8221;4.9.0&#8243; _module_preset=&#8221;default&#8221;][et_pb_row _builder_version=&#8221;4.9.0&#8243; _module_preset=&#8221;default&#8221;][et_pb_column type=&#8221;4_4&#8243; _builder_version=&#8221;4.9.0&#8243; _module_preset=&#8221;default&#8221;][et_pb_text _builder_version=&#8221;4.9.0&#8243; _module_preset=&#8221;default&#8221; text_font=&#8221;Abhaya Libre||||||||&#8221; [&hellip;]<\/p>\n","protected":false},"author":1,"featured_media":0,"parent":0,"menu_order":0,"comment_status":"closed","ping_status":"closed","template":"","meta":{"_et_pb_use_builder":"on","_et_pb_old_content":"<!-- wp:divi\/placeholder \/-->","_et_gb_content_width":""},"_links":{"self":[{"href":"https:\/\/grupo5engenharia.com.br\/index.php?rest_route=\/wp\/v2\/pages\/17"}],"collection":[{"href":"https:\/\/grupo5engenharia.com.br\/index.php?rest_route=\/wp\/v2\/pages"}],"about":[{"href":"https:\/\/grupo5engenharia.com.br\/index.php?rest_route=\/wp\/v2\/types\/page"}],"author":[{"embeddable":true,"href":"https:\/\/grupo5engenharia.com.br\/index.php?rest_route=\/wp\/v2\/users\/1"}],"replies":[{"embeddable":true,"href":"https:\/\/grupo5engenharia.com.br\/index.php?rest_route=%2Fwp%2Fv2%2Fcomments&post=17"}],"version-history":[{"count":18,"href":"https:\/\/grupo5engenharia.com.br\/index.php?rest_route=\/wp\/v2\/pages\/17\/revisions"}],"predecessor-version":[{"id":630,"href":"https:\/\/grupo5engenharia.com.br\/index.php?rest_route=\/wp\/v2\/pages\/17\/revisions\/630"}],"wp:attachment":[{"href":"https:\/\/grupo5engenharia.com.br\/index.php?rest_route=%2Fwp%2Fv2%2Fmedia&parent=17"}],"curies":[{"name":"wp","href":"https:\/\/api.w.org\/{rel}","templated":true}]}}